{"id":573,"date":"2011-05-25T09:50:24","date_gmt":"2011-05-25T07:50:24","guid":{"rendered":"http:\/\/faehrtenteam-colonia.de\/?page_id=573"},"modified":"2020-01-10T09:07:01","modified_gmt":"2020-01-10T07:07:01","slug":"willkommen","status":"publish","type":"page","link":"https:\/\/faehrtenteam-colonia.de\/","title":{"rendered":"F\u00e4hrtenteam Colonia"},"content":{"rendered":"\n<h2 class=\"wp-block-heading\"><strong>Willkommen beim F\u00e4hrtenteam Colonia!<\/strong><\/h2>\n\n\n\n<div class=\"wp-block-image\"><figure class=\"aligncenter is-resized\"><img loading=\"lazy\" decoding=\"async\" src=\"http:\/\/faehrtenteam-colonia.de\/wp-content\/uploads\/2020\/01\/DSC07238-b-235x300.jpg\" alt=\"\" class=\"wp-image-3644\" width=\"235\" height=\"300\" srcset=\"https:\/\/faehrtenteam-colonia.de\/wp-content\/uploads\/2020\/01\/DSC07238-b-235x300.jpg 235w, https:\/\/faehrtenteam-colonia.de\/wp-content\/uploads\/2020\/01\/DSC07238-b-768x979.jpg 768w, https:\/\/faehrtenteam-colonia.de\/wp-content\/uploads\/2020\/01\/DSC07238-b-803x1024.jpg 803w\" sizes=\"(max-width: 235px) 100vw, 235px\" \/><\/figure><\/div>\n\n\n\n<p>F\u00e4hrtenteam Colonia: Das sind die hundebegeisterten Horst und\nMaria Hinz aus K\u00f6ln.<\/p>\n\n\n\n<p>Der F\u00e4hrtensport mit Hunden ist unser Hobby und unsere\nLeidenschaft. F\u00fcr uns ist dies vor allem auch eine super tolle Erfahrung im\nt\u00e4glichen Umgang mit Hunden, die wir vielen Hundefreunden weiter vermitteln\nwollen.<\/p>\n\n\n\n<p>Und aus diesem Grund betreiben wir diesen Hundesport nicht nur\nselber seit vielen Jahren aktiv, sondern wir vermitteln interessierten\nHundefreunden mit Freude und Spa\u00df auch das Wissen, diese sch\u00f6nen Erfahrungen im\nUmgang mit ihrem eigenen Tier selber machen zu k\u00f6nnen.<\/p>\n\n\n\n<p>Auf dieser Seite m\u00f6chten wir uns zun\u00e4chst aber einmal vorstellen. <\/p>\n\n\n\n<p> Mein Name ist Horst Hinz. Ich bin 1949 geboren.<\/p>\n\n\n\n<div class=\"wp-block-image\"><figure class=\"aligncenter\"><img loading=\"lazy\" decoding=\"async\" width=\"213\" height=\"300\" src=\"http:\/\/faehrtenteam-colonia.de\/wp-content\/uploads\/2020\/01\/DSF02571-a-213x300.jpg\" alt=\"\" class=\"wp-image-3659\" srcset=\"https:\/\/faehrtenteam-colonia.de\/wp-content\/uploads\/2020\/01\/DSF02571-a-213x300.jpg 213w, https:\/\/faehrtenteam-colonia.de\/wp-content\/uploads\/2020\/01\/DSF02571-a.jpg 673w\" sizes=\"(max-width: 213px) 100vw, 213px\" \/><\/figure><\/div>\n\n\n\n<p>Ich war 46 Jahre aktiv im Berufsleben, und habe bis April 2009 in\neiner Werkstatt f\u00fcr und mit behinderten Menschen gearbeitet. Nach meiner\nAltersteilzeit befinde ich mich seit dem 1. Mai 2012 im Ruhestand.<\/p>\n\n\n\n<p>Ich habe das Gl\u00fcck, dass meine Ehefrau Maria das Hobby des\nHundesports mit mir teilt und mich hierbei wie auch bei meinen\nF\u00e4hrtenhundseminaren aktiv unterst\u00fctzt. Sie ist f\u00fcr mich eine unverzichtbare\nBegleiterin, Organisatorin, Motivatorin und auch Kritikerin f\u00fcr alle\nTrainingsf\u00e4hrten, Pr\u00fcfungen und Seminare.<\/p>\n\n\n\n<p>Seit \u00fcber 25 Jahren betreibe ich in meiner Freizeit nun schon den\nHundesport.<\/p>\n\n\n\n<p>Im Oktober 2017 haben wir nach\neinigem Suchen unsere jetzige schwarze Deutsche Sch\u00e4ferh\u00fcndin Lee von\nTj\u00e4rnshaget gefunden, die im Alter von einem Jahr bei uns einzogen ist. Im Mai\n2018 hat Lee die Begleithundepr\u00fcfung bestanden und wird nun in IFH \/IGP FH\ngef\u00fchrt. <\/p>\n\n\n\n<p>Ihre erste IPO FH hat sie im November 2018 mit zwei Jahren und einem Monat beim HSV Z\u00fclpich mit Erfolg bestanden.<br>Weitere Informationen zu Lee findet man <a href=\"http:\/\/faehrtenteam-colonia.de\/?page_id=2833\">hier<\/a><\/p>\n\n\n\n<div class=\"wp-block-image\"><figure class=\"aligncenter is-resized\"><img loading=\"lazy\" decoding=\"async\" src=\"http:\/\/faehrtenteam-colonia.de\/wp-content\/uploads\/2020\/01\/20191013_124919-1024x768.jpg\" alt=\"\" class=\"wp-image-3646\" width=\"512\" height=\"384\" srcset=\"https:\/\/faehrtenteam-colonia.de\/wp-content\/uploads\/2020\/01\/20191013_124919-1024x768.jpg 1024w, https:\/\/faehrtenteam-colonia.de\/wp-content\/uploads\/2020\/01\/20191013_124919-300x225.jpg 300w, https:\/\/faehrtenteam-colonia.de\/wp-content\/uploads\/2020\/01\/20191013_124919-768x576.jpg 768w\" sizes=\"(max-width: 512px) 100vw, 512px\" \/><\/figure><\/div>\n\n\n\n<p>Davor war die ebenfalls schwarze Sch\u00e4ferh\u00fcndin Sunny von der Schiffslache 3,5 Jahre unsere treue Weggef\u00e4hrtin. Mit ihr waren wir ebenfalls im Hundesport aktiv. Leider mussten wir Sunny im September 2017 mit 4 Jahren viel zu fr\u00fch auf Grund einer Lebererkrankung \u00fcber die Regenbr\u00fccke gehen lassen. <br>Weitere Informationen zu Sunny findet man <a href=\"http:\/\/faehrtenteam-colonia.de\/?page_id=1318\">hier<\/a><\/p>\n\n\n\n<p><br><\/p>\n\n\n\n<div class=\"wp-block-image\"><figure class=\"aligncenter is-resized\"><img loading=\"lazy\" decoding=\"async\" src=\"http:\/\/faehrtenteam-colonia.de\/wp-content\/uploads\/2020\/01\/DSC07361-aa_InPixio-1024x538.jpg\" alt=\"\" class=\"wp-image-3648\" width=\"512\" height=\"269\" srcset=\"https:\/\/faehrtenteam-colonia.de\/wp-content\/uploads\/2020\/01\/DSC07361-aa_InPixio-1024x538.jpg 1024w, https:\/\/faehrtenteam-colonia.de\/wp-content\/uploads\/2020\/01\/DSC07361-aa_InPixio-300x158.jpg 300w, https:\/\/faehrtenteam-colonia.de\/wp-content\/uploads\/2020\/01\/DSC07361-aa_InPixio-768x403.jpg 768w\" sizes=\"(max-width: 512px) 100vw, 512px\" \/><\/figure><\/div>\n\n\n\n<p>In den Jahren davor waren wir von 1998 bis 2016 mit unseren beiden\ngeliebten Malinois Holly vom Greifenring und Daneskjold Flash sehr erfolgreich.<\/p>\n\n\n\n<p>Mit Holly trainierte ich zun\u00e4chst f\u00fcr den VPG Sport. Holly bestand\nim Oktober 1999 ihre erste BH und im November 2000 mit 99 \u2013 93 \u2013 86 Punkten die\nVPG I. Im Juni 2001 legte sie dann auch die VPG II \u2013 Pr\u00fcfung mit 96 \u2013 97 \u2013 100\nPunkten erfolgreich ab.<\/p>\n\n\n\n<div class=\"wp-block-image\"><figure class=\"aligncenter\"><img loading=\"lazy\" decoding=\"async\" width=\"389\" height=\"287\" src=\"http:\/\/faehrtenteam-colonia.de\/wp-content\/uploads\/2011\/05\/Holly2.jpg\" alt=\"Holly vom Greifenring\" class=\"wp-image-580\" srcset=\"https:\/\/faehrtenteam-colonia.de\/wp-content\/uploads\/2011\/05\/Holly2.jpg 389w, https:\/\/faehrtenteam-colonia.de\/wp-content\/uploads\/2011\/05\/Holly2-300x221.jpg 300w\" sizes=\"(max-width: 389px) 100vw, 389px\" \/><\/figure><\/div>\n\n\n\n<p>Nach der bestandenen VPG II Pr\u00fcfung haben wir uns dann ganz auf\nden F\u00e4hrtenhundesport konzentriert. Ihre erste FH I bestand Holly im November\n2001 mit 100 Punkten. Im November 2002 starteten wir auf der DMC-FH \u2013\nQualifikation in Bauschlott. Holly belegte dort&nbsp;mit 91 + 97 Punkten den 6.\nPlatz. Sie wurde danach ausschlie\u00dflich im FH II und IPO-FH Bereich gef\u00fchrt.<\/p>\n\n\n\n<p>Von Dezember 2002 bis April 2009 hat Holly durch hervorragende Leistungen zahlreiche Pr\u00fcfungen bestanden, viele Auszeichnungen erhalten und auch etliche Pokale gewonnen. Besonders hervorheben m\u00f6chte ich an dieser Stelle ihre drei Siege in Folge bei der dhv-IPO-FH Deutschen Meisterschaft in den Jahren 2005, 2006 und 2007.<\/p>\n\n\n\n<p><em>Nach \u00fcber 15\nJahren \u2013 einer ganz langen Zeit der Freude, des Gl\u00fccks und sportlichen Erfolges\n\u2013 ist unsere geliebte Holly am 10. September 2013 friedlich eingeschlafen und\nvon uns gegangen.&nbsp;<\/em><em><\/em><\/p>\n\n\n\n<p>Weitere Informationen zu Holly findet man&nbsp;<a href=\"http:\/\/faehrtenteam-colonia.de\/?page_id=193\" target=\"_blank\" rel=\"noreferrer noopener\">hier<\/a>.<\/p>\n\n\n\n<p>Im M\u00e4rz 2005 kam dann der Malinoisr\u00fcde Daneskjold Flash als Welpe\naus D\u00e4nemark zu uns. Er sollte einmal in Hollys Fu\u00dfstapfen treten. Aber noch waren\ndiese Spuren viel zu gro\u00df f\u00fcr ihn.<\/p>\n\n\n\n<div class=\"wp-block-image\"><figure class=\"aligncenter is-resized\"><img loading=\"lazy\" decoding=\"async\" src=\"http:\/\/faehrtenteam-colonia.de\/wp-content\/uploads\/2011\/05\/IMG_0811-1024x768.jpg\" alt=\"\" class=\"wp-image-273\" width=\"400\" height=\"384\"\/><\/figure><\/div>\n\n\n\n<p>Flash hat im&nbsp;April 2006 seine BH in Spich erfolgreich\nabsolviert. Im&nbsp;M\u00e4rz 2007 hat Flash seine erste FH I beim HSV Sommerried\ngemeistert. Seine erste FH II \u2013 Pr\u00fcfung hat Flash im&nbsp;Mai 2007 in\nSeelscheid erfolgreich bestanden. <\/p>\n\n\n\n<p>Er wurde bis M\u00e4rz 2015 in \u00fcber 40\nFH 2 bzw. IPO FH gef\u00fchrt und startete unter anderem&nbsp;&nbsp; drei Mal auf der DVG IPO FH DM.<\/p>\n\n\n\n<p>Nach mehr als 11\nJahren mussten wir unseren lieben Flash am 18. Mai 2016 nach kurzer schwerer\nKrankheit leider gehen lassen.<\/p>\n\n\n\n<p>Weitere Informationen zu Flash findet man <a href=\"http:\/\/faehrtenteam-colonia.de\/?page_id=200\" target=\"_blank\" rel=\"noreferrer noopener\">hier<\/a>.<\/p>\n\n\n\n<p> Mit dem Hundesport begonnen habe ich mit einer Dobermannh\u00fcndin, diese habe ich im VPG &#8211; Sport gef\u00fchrt. <\/p>\n\n\n\n<p>Auf Grund unseres sehr erfolgreichen Wirkens im Hundesport wurden\nwir bereits 2007 gefragt, ob wir als Referenten auf einem F\u00e4hrtenseminar unsere\nErfahrungen an andere Interessierte im Hundesport weiter geben. Und so haben\nwir dann im Juni 2007 das erste F\u00e4hrtenhundeseminar beim und mit dem PSHV\nBremerhaven veranstaltet.<\/p>\n\n\n\n<p>Seitdem haben wir nun schon viele Seminare quer durch die ganze Republik (von Bremerhaven\nbis Hof) bei den verschiedenen Hundesport \u2013 Vereinen durchgef\u00fchrt.<\/p>\n\n\n\n<p>Auf dieser Homepage kann man sich nun \u00fcber die durchgef\u00fchrten\nF\u00e4hrtenseminare des F\u00e4hrtenteams Colonia informieren.<\/p>\n\n\n\n<p>Diese Seminare f\u00fchren wir&nbsp;als Wochenend- und Wochenseminare\ndurch. Gerne bieten wir auch F\u00e4hrtentraining f\u00fcr einzelne Hundef\u00fchrer\/innen\nan.&nbsp;<\/p>\n\n\n\n<div class=\"wp-block-image\"><figure class=\"aligncenter\"><img loading=\"lazy\" decoding=\"async\" width=\"237\" height=\"121\" src=\"http:\/\/faehrtenteam-colonia.de\/wp-content\/uploads\/2011\/05\/cid_image006_gif@01CC1A3F.gif\" alt=\"\" class=\"wp-image-631\"\/><\/figure><\/div>\n\n\n\n<p>Wir informieren auf dieser Homepage \u00fcber Inhalte und Abl\u00e4ufe\nsolcher Seminare in Textform und mit Bildern ebenso wie \u00fcber zuk\u00fcnftige\nTermine.<\/p>\n\n\n\n<p>Mit Spa\u00df und Freude die eigenen Hunde in der Gemeinschaft mit\nsinnvollen Aufgaben besch\u00e4ftigen und f\u00f6rdern. Das ist unser Anliegen, welches\nwir allen Freunden des Hundesports weitervermitteln m\u00f6chten.<\/p>\n\n\n\n<p>In diesem Sinne w\u00fcnschen wir nun viel Spa\u00df beim St\u00f6bern auf\nunseren Seiten.<\/p>\n\n\n\n<p>P. S.: Wer Interesse daran hat, ein Seminar mit uns durchzuf\u00fchren,\nkann uns \u00fcber diese Homepage ganz einfach kontaktieren. Wir freuen uns \u00fcber\neure R\u00fcckmeldung, \u00fcber Fragen und nat\u00fcrlich auch \u00fcber jegliche positive wie\nnegative Kritik.<\/p>\n","protected":false},"excerpt":{"rendered":"<p>Willkommen beim F\u00e4hrtenteam Colonia! F\u00e4hrtenteam Colonia: Das sind die hundebegeisterten Horst und Maria Hinz aus K\u00f6ln. Der F\u00e4hrtensport mit Hunden ist unser Hobby und unsere Leidenschaft. F\u00fcr uns ist dies vor allem auch eine super tolle Erfahrung im t\u00e4glichen Umgang &hellip; <a href=\"https:\/\/faehrtenteam-colonia.de\/\">Weiterlesen <span class=\"meta-nav\">&rarr;<\/span><\/a><\/p>\n","protected":false},"author":1,"featured_media":0,"parent":0,"menu_order":0,"comment_status":"open","ping_status":"open","template":"","meta":{"footnotes":""},"_links":{"self":[{"href":"https:\/\/faehrtenteam-colonia.de\/index.php?rest_route=\/wp\/v2\/pages\/573"}],"collection":[{"href":"https:\/\/faehrtenteam-colonia.de\/index.php?rest_route=\/wp\/v2\/pages"}],"about":[{"href":"https:\/\/faehrtenteam-colonia.de\/index.php?rest_route=\/wp\/v2\/types\/page"}],"author":[{"embeddable":true,"href":"https:\/\/faehrtenteam-colonia.de\/index.php?rest_route=\/wp\/v2\/users\/1"}],"replies":[{"embeddable":true,"href":"https:\/\/faehrtenteam-colonia.de\/index.php?rest_route=%2Fwp%2Fv2%2Fcomments&post=573"}],"version-history":[{"count":56,"href":"https:\/\/faehrtenteam-colonia.de\/index.php?rest_route=\/wp\/v2\/pages\/573\/revisions"}],"predecessor-version":[{"id":3661,"href":"https:\/\/faehrtenteam-colonia.de\/index.php?rest_route=\/wp\/v2\/pages\/573\/revisions\/3661"}],"wp:attachment":[{"href":"https:\/\/faehrtenteam-colonia.de\/index.php?rest_route=%2Fwp%2Fv2%2Fmedia&parent=573"}],"curies":[{"name":"wp","href":"https:\/\/api.w.org\/{rel}","templated":true}]}}