{"id":479,"date":"2011-05-21T12:00:33","date_gmt":"2011-05-21T12:00:33","guid":{"rendered":"http:\/\/faehrtenteam-colonia.de\/?page_id=479"},"modified":"2018-05-02T10:22:40","modified_gmt":"2018-05-02T08:22:40","slug":"prufungen-2","status":"publish","type":"page","link":"https:\/\/faehrtenteam-colonia.de\/?page_id=479","title":{"rendered":"Flash"},"content":{"rendered":"<h1 style=\"text-align: center;\">Pr\u00fcfungsergebnisse<\/h1>\n<h1 style=\"text-align: center;\">Daneskjold Flash<\/h1>\n<p>05. Dezember 2015 Nikolauspr\u00fcfung in D\u00fcsseldorf Wersten Bericht und Bilder<\/p>\n<p>17.-18. Oktober 2015&nbsp;R\u00f6merpokal HSV Z\u00fclpich&nbsp;<a href=\"http:\/\/faehrtenteam-colonia.de\/?p=2164\">Bericht und Bilder<\/a><\/p>\n<p>04. Oktober 2015&nbsp;Landesmeisterschaft FH&nbsp;II <a href=\"http:\/\/faehrtenteam-colonia.de\/?p=2147\">Bericht und Bilder<\/a><\/p>\n<p>29. M\u00e4rz 2015 Fr\u00fchjahrspr\u00fcfung HSV Z\u00fclpich <a title=\"Fr\u00fchjahrspr\u00fcfung 2015 in Z\u00fclpich\" href=\"http:\/\/faehrtenteam-colonia.de\/?p=1861\">Bericht und Bilder<\/a><\/p>\n<p>06. Dezember 2014 MV Bonn Mitte <a title=\"Nikolauspr\u00fcfung beim DVG MV Bonn Mitte am 06. Dezember 2014\" href=\"http:\/\/faehrtenteam-colonia.de\/?p=1809\">Bericht und Bilder<\/a><\/p>\n<p>22. November 2014 MV Stolberg Vicht <a title=\"Herbstpr\u00fcfung in Stolberg Vicht am 22. November 2014\" href=\"http:\/\/faehrtenteam-colonia.de\/?p=1790\">Bericht und Bilder<\/a><\/p>\n<p>11.-12. Oktober 2014&nbsp;R\u00f6merpokal HSV Z\u00fclpich <a title=\"R\u00f6merpokal am 11. und 12. Oktober in Z\u00fclpich\" href=\"http:\/\/faehrtenteam-colonia.de\/?p=1613\">Bericht und Bilder<\/a><\/p>\n<p>25.-27. Oktober 2013 DVG Bundessiegerpr\u00fcfung IPO FH <a title=\"DVG Bundessiegerpr\u00fcfung IPO FH vom 25. \u2013 27. Oktober 2013 in Gommern\" href=\"http:\/\/faehrtenteam-colonia.de\/?p=1249\">Bericht und Bilder<\/a><\/p>\n<p>05.-06. Oktober 2013 Landesmeisterschaft FH &nbsp;<a title=\"Landesf\u00e4hrtenhundmeisterschaft Nordrheinland 2013\" href=\"http:\/\/faehrtenteam-colonia.de\/?p=1230\">Bericht und Bilder<\/a><\/p>\n<p>24. November 2012 MV Voreifel Rheinbach <a title=\"Herbstpr\u00fcfung beim MV Voreifel Rheinbach am 24. November 2012\" href=\"http:\/\/faehrtenteam-colonia.de\/?p=1090\">Bilder und Bericht<\/a><\/p>\n<p>18. November 2012 HSV Ransbach-Baumbach <a title=\"Winterpr\u00fcfung beim HSV Ransbach-Baumbach am 18.November 2012\" href=\"http:\/\/faehrtenteam-colonia.de\/?p=1073\">Bilder und Bericht<\/a><\/p>\n<p>11. November 2012 MV Eschweiler Waldschule <a title=\"Herbstpr\u00fcfung in Eschweiler Waldschule am 11. November 2012\" href=\"http:\/\/faehrtenteam-colonia.de\/?p=1049\">Bericht<\/a><\/p>\n<p>03.-04. November 2012 R\u00f6merpokal HSV Z\u00fclpich <a title=\"R\u00f6merpokal am 03.und 04. November in Z\u00fclpich\" href=\"http:\/\/faehrtenteam-colonia.de\/?p=1037\">Bilder und Bericht<\/a><\/p>\n<p>26.-28. Oktober 2012 DVG Bundessiegerpr\u00fcfung IPO FH <a title=\"DVG Bundessiegerpr\u00fcfung IPO FH vom 26. \u2013 28.Oktober 2012 in Stelle\" href=\"http:\/\/faehrtenteam-colonia.de\/?p=1025\">Bilder und Bericht<\/a><\/p>\n<p>06.-07. Oktober 2012 Landesmeisterschaft FH <a title=\"Landesf\u00e4hrtenhundmeisterschaft Nordrheinland 2012\" href=\"http:\/\/faehrtenteam-colonia.de\/?p=994\">Bilder und Bericht<\/a><\/p>\n<p>19. August 2012 HSV Seelscheid <a title=\"Sommerpr\u00fcfung am 19.08. 2012 in Seelscheid\" href=\"http:\/\/faehrtenteam-colonia.de\/?p=981\">Bilder und Berich<\/a><\/p>\n<p>29. April 2012 HSV Seelscheid <a title=\"Fr\u00fchjahrspr\u00fcfung beim HSV Seelscheid 29.04.2012\" href=\"http:\/\/faehrtenteam-colonia.de\/?p=921\">Bilder und Bericht<\/a><\/p>\n<p>28. April 2012 1. PHV Duisburg-Beeck <a title=\"Fr\u00fchjahrspr\u00fcfung beim 1. PHV Duisburg-Beeck\" href=\"http:\/\/faehrtenteam-colonia.de\/?p=913\">Bilder und Bericht<\/a><\/p>\n<p>18. M\u00e4rz 2012 HSV Z\u00fclpich FH II 92 Punkte <a title=\"Fr\u00fchjahrspr\u00fcfung am 18. M\u00e4rz 2012 beim HSV Z\u00fclpich\" href=\"http:\/\/faehrtenteam-colonia.de\/?p=903\">Bilder und Bericht<\/a><\/p>\n<p>12.-13. November 2011 MV Eschweiler Waldschule IPO FH 190 Punkte <a title=\"Herbstpr\u00fcfung Eschweiler Waldschule 12.-13. November 2011\" href=\"http:\/\/faehrtenteam-colonia.de\/?p=850\">Bilder und Bericht<\/a><\/p>\n<p>05.-06. November 2011 R\u00f6merpokal HSV Z\u00fclpich 97 Punkte <a title=\"R\u00f6merpokal beim HSV Z\u00fclpich 05.-06. November 2011\" href=\"http:\/\/faehrtenteam-colonia.de\/?p=834\">Bilder und Bericht<\/a><\/p>\n<p>12. Juni 2011 HSV Bergische H\u00f6hen FH II 39 Punkte <a title=\"Pr\u00fcfung HSV Bergische H\u00f6hen 12. Juni 2011\" href=\"http:\/\/faehrtenteam-colonia.de\/?p=725\">Bilder und Bericht<\/a><\/p>\n<p>01. Mai 2011 MV Oberhausen Buschhausen FH II 77 Punkte&nbsp; <a title=\"Oberhausen Buschhausen\" href=\"http:\/\/faehrtenteam-colonia.de\/?p=484\">Bilder und Bericht<\/a><\/p>\n<p>17. April 2011 HSV Seelscheid FH II 92 Punkte&nbsp; <a title=\"Fr\u00fchjahrspr\u00fcfung HSV Seelcheid\" href=\"http:\/\/faehrtenteam-colonia.de\/?p=503\">Bilder und Bericht<\/a><\/p>\n<p>27. M\u00e4rz 2011 HSV Z\u00fclpich FH II 96 Punkte&nbsp; <a title=\"Fr\u00fchjahrspr\u00fcfung HSV Z\u00fclpich\" href=\"http:\/\/faehrtenteam-colonia.de\/?p=497\">Bilder und Bericht<\/a><\/p>\n","protected":false},"excerpt":{"rendered":"<p>Pr\u00fcfungsergebnisse Daneskjold Flash 05. Dezember 2015 Nikolauspr\u00fcfung in D\u00fcsseldorf Wersten Bericht und Bilder 17.-18. Oktober 2015&nbsp;R\u00f6merpokal HSV Z\u00fclpich&nbsp;Bericht und Bilder 04. Oktober 2015&nbsp;Landesmeisterschaft FH&nbsp;II Bericht und Bilder 29. M\u00e4rz 2015 Fr\u00fchjahrspr\u00fcfung HSV Z\u00fclpich Bericht und Bilder 06. Dezember 2014 MV &hellip; <a href=\"https:\/\/faehrtenteam-colonia.de\/?page_id=479\">Weiterlesen <span class=\"meta-nav\">&rarr;<\/span><\/a><\/p>\n","protected":false},"author":1,"featured_media":0,"parent":1888,"menu_order":0,"comment_status":"open","ping_status":"closed","template":"","meta":{"footnotes":""},"_links":{"self":[{"href":"https:\/\/faehrtenteam-colonia.de\/index.php?rest_route=\/wp\/v2\/pages\/479"}],"collection":[{"href":"https:\/\/faehrtenteam-colonia.de\/index.php?rest_route=\/wp\/v2\/pages"}],"about":[{"href":"https:\/\/faehrtenteam-colonia.de\/index.php?rest_route=\/wp\/v2\/types\/page"}],"author":[{"embeddable":true,"href":"https:\/\/faehrtenteam-colonia.de\/index.php?rest_route=\/wp\/v2\/users\/1"}],"replies":[{"embeddable":true,"href":"https:\/\/faehrtenteam-colonia.de\/index.php?rest_route=%2Fwp%2Fv2%2Fcomments&post=479"}],"version-history":[{"count":52,"href":"https:\/\/faehrtenteam-colonia.de\/index.php?rest_route=\/wp\/v2\/pages\/479\/revisions"}],"predecessor-version":[{"id":482,"href":"https:\/\/faehrtenteam-colonia.de\/index.php?rest_route=\/wp\/v2\/pages\/479\/revisions\/482"}],"up":[{"embeddable":true,"href":"https:\/\/faehrtenteam-colonia.de\/index.php?rest_route=\/wp\/v2\/pages\/1888"}],"wp:attachment":[{"href":"https:\/\/faehrtenteam-colonia.de\/index.php?rest_route=%2Fwp%2Fv2%2Fmedia&parent=479"}],"curies":[{"name":"wp","href":"https:\/\/api.w.org\/{rel}","templated":true}]}}