{"id":4326,"date":"2022-08-23T09:25:53","date_gmt":"2022-08-23T07:25:53","guid":{"rendered":"http:\/\/faehrtenteam-colonia.de\/?page_id=4326"},"modified":"2023-03-22T10:41:34","modified_gmt":"2023-03-22T08:41:34","slug":"seminare-2022","status":"publish","type":"page","link":"https:\/\/faehrtenteam-colonia.de\/?page_id=4326","title":{"rendered":"Seminare 2022"},"content":{"rendered":"\n<h2 class=\"wp-block-heading\">Durchgef\u00fchrte Seminare 2022<\/h2>\n\n\n\n<p>20. &#8211; 21. August 2022  <a href=\"http:\/\/faehrtenteam-colonia.de\/?p=4285(\u00f6ffnet in neuem Tab)\">F\u00e4hrtenseminar bei Wolfgang Br\u00fccher<\/a><\/p>\n\n\n\n<p>09. &#8211; 11. September 2022 <a href=\"http:\/\/faehrtenteam-colonia.de\/?p=4342(\u00f6ffnet in neuem Tab)\">F\u00e4hrtenseminar beim TSG Schlegel in Hof<\/a><\/p>\n\n\n\n<p><\/p>\n","protected":false},"excerpt":{"rendered":"<p>Durchgef\u00fchrte Seminare 2022 20. &#8211; 21. August 2022 F\u00e4hrtenseminar bei Wolfgang Br\u00fccher 09. &#8211; 11. September 2022 F\u00e4hrtenseminar beim TSG Schlegel in Hof<\/p>\n","protected":false},"author":1,"featured_media":0,"parent":11,"menu_order":77,"comment_status":"closed","ping_status":"closed","template":"","meta":{"footnotes":""},"_links":{"self":[{"href":"https:\/\/faehrtenteam-colonia.de\/index.php?rest_route=\/wp\/v2\/pages\/4326"}],"collection":[{"href":"https:\/\/faehrtenteam-colonia.de\/index.php?rest_route=\/wp\/v2\/pages"}],"about":[{"href":"https:\/\/faehrtenteam-colonia.de\/index.php?rest_route=\/wp\/v2\/types\/page"}],"author":[{"embeddable":true,"href":"https:\/\/faehrtenteam-colonia.de\/index.php?rest_route=\/wp\/v2\/users\/1"}],"replies":[{"embeddable":true,"href":"https:\/\/faehrtenteam-colonia.de\/index.php?rest_route=%2Fwp%2Fv2%2Fcomments&post=4326"}],"version-history":[{"count":14,"href":"https:\/\/faehrtenteam-colonia.de\/index.php?rest_route=\/wp\/v2\/pages\/4326\/revisions"}],"predecessor-version":[{"id":4527,"href":"https:\/\/faehrtenteam-colonia.de\/index.php?rest_route=\/wp\/v2\/pages\/4326\/revisions\/4527"}],"up":[{"embeddable":true,"href":"https:\/\/faehrtenteam-colonia.de\/index.php?rest_route=\/wp\/v2\/pages\/11"}],"wp:attachment":[{"href":"https:\/\/faehrtenteam-colonia.de\/index.php?rest_route=%2Fwp%2Fv2%2Fmedia&parent=4326"}],"curies":[{"name":"wp","href":"https:\/\/api.w.org\/{rel}","templated":true}]}}