{"id":200,"date":"2011-05-14T16:09:14","date_gmt":"2011-05-14T16:09:14","guid":{"rendered":"http:\/\/faehrtenteam-colonia.de\/?page_id=200"},"modified":"2018-12-13T10:12:45","modified_gmt":"2018-12-13T08:12:45","slug":"daneskjold-flash","status":"publish","type":"page","link":"https:\/\/faehrtenteam-colonia.de\/?page_id=200","title":{"rendered":"Daneskjold Flash"},"content":{"rendered":"<h3><span style=\"color: #000000;\"><span style=\"text-decoration: underline;\">Ausbildungskennzeichen:<\/span> \u00a0BH, FH I, FH II, IPO FH<\/span><\/h3>\n<h3>Wurftag:\u00a0\u00a0\u00a0\u00a0 26.12.2004<\/h3>\n<h3>Eltern:\u00a0\u00a0\u00a0<a href=\"http:\/\/www.working-dog.eu\/dogs-details\/1794\/Daneskjold-Turbo\" target=\"_blank\" rel=\"noopener\">\u00a0 Daneskjold Turbo<\/a>\u00a0\u00a0\u00a0\u00a0 x\u00a0\u00a0\u00a0\u00a0 <a href=\"http:\/\/www.working-dog.eu\/dogs-details\/15448\/Daneskjold-Zombie\" target=\"_blank\" rel=\"noopener\">Daneskjold Zombi<\/a><\/h3>\n<h3><a href=\"http:\/\/www.working-dog.eu\/dogs-details\/15762\/Daneskjold-Flash\" target=\"_blank\" rel=\"noopener\">Flash bei Working-dog<\/a><\/h3>\n<h3 style=\"text-align: left;\"><a href=\"http:\/\/faehrtenteam-colonia.de\/wp-content\/uploads\/2015\/12\/Flash-Pr\u00fcfungsergebnisse-Stand-05.12.15.pdf\">Flash Pr\u00fcfungsergebnisse Stand 05.12.15<\/a><\/h3>\n<h3><em><span style=\"color: #0000ff;\">Nach mehr als 11 Jahren &#8211; einer langen Zeit mit sehr viel Freude, Gl\u00fcck und Erfolg &#8211; mussten wir unseren lieben Flash am 18. Mai 2016 nach kurzer schwerer Krankheit leider gehen lassen.<\/span><\/em><\/h3>\n<h3><em><span style=\"color: #0000ff;\">Wir werden die sch\u00f6ne Zeit mit ihm nicht vergessen und ihn sehr vermissen.<\/span><\/em><\/h3>\n<h3><em><span style=\"color: #0000ff;\">Maria und Horst mit Sunny\u00a0<\/span><\/em><\/h3>\n<div id=\"attachment_2368\" style=\"width: 555px\" class=\"wp-caption aligncenter\"><a href=\"http:\/\/faehrtenteam-colonia.de\/wp-content\/uploads\/2011\/05\/IMG_5661a.jpg\"><img loading=\"lazy\" decoding=\"async\" aria-describedby=\"caption-attachment-2368\" class=\"wp-image-2368 size-full\" src=\"http:\/\/faehrtenteam-colonia.de\/wp-content\/uploads\/2011\/05\/IMG_5661a.jpg\" alt=\"IMG_5661a\" width=\"545\" height=\"400\" srcset=\"https:\/\/faehrtenteam-colonia.de\/wp-content\/uploads\/2011\/05\/IMG_5661a.jpg 545w, https:\/\/faehrtenteam-colonia.de\/wp-content\/uploads\/2011\/05\/IMG_5661a-300x220.jpg 300w\" sizes=\"(max-width: 545px) 100vw, 545px\" \/><\/a><p id=\"caption-attachment-2368\" class=\"wp-caption-text\">Flash sucht am 13. April 2016 in Hof seine letzte F\u00e4hrte<\/p><\/div>\n<p>&nbsp;<\/p>\n<p style=\"text-align: left;\"><img loading=\"lazy\" decoding=\"async\" class=\"size-medium wp-image-273 aligncenter\" title=\"IMG_0811\" src=\"http:\/\/faehrtenteam-colonia.de\/wp-content\/uploads\/2011\/05\/IMG_0811-300x224.jpg\" alt=\"\" width=\"351\" height=\"220\" \/><\/p>\n<p><img loading=\"lazy\" decoding=\"async\" class=\" wp-image-275 aligncenter\" title=\"Bundessiegerpr\u00fcfung IPO FH in Herbern - Flash belegt mit 92\/90 Punkten Platz 13\" src=\"http:\/\/faehrtenteam-colonia.de\/wp-content\/uploads\/2011\/05\/IMG_9472-300x225.jpg\" alt=\"\" width=\"306\" height=\"229\" srcset=\"https:\/\/faehrtenteam-colonia.de\/wp-content\/uploads\/2011\/05\/IMG_9472-300x225.jpg 300w, https:\/\/faehrtenteam-colonia.de\/wp-content\/uploads\/2011\/05\/IMG_9472-1024x768.jpg 1024w\" sizes=\"(max-width: 306px) 100vw, 306px\" \/><\/p>\n<p><a href=\"http:\/\/faehrtenteam-colonia.de\/wp-content\/uploads\/2011\/05\/IMG_4559.JPG-Z\u00fclpich.jpg\"><img loading=\"lazy\" decoding=\"async\" class=\"size-medium wp-image-277 aligncenter\" title=\"Flash erreicht auf der Fr\u00fchjahrspr\u00fcfung 2011 in Z\u00fclpich 96 Punkte\" src=\"http:\/\/faehrtenteam-colonia.de\/wp-content\/uploads\/2011\/05\/IMG_4559.JPG-Z\u00fclpich-300x248.jpg\" alt=\"\" width=\"289\" height=\"246\" \/><\/a><\/p>\n<h3>Flash besteht am 23.04.2006 seine BH<\/h3>\n<h3>Flash sucht am 31.03.2007 \u00a0beim HSV\u00a0Sommerried die FH I und\u00a0am 06.05.2007\u00a0in Seelscheid seine erste\u00a0FH II.<\/h3>\n<p>&nbsp;<\/p>\n","protected":false},"excerpt":{"rendered":"<p>Ausbildungskennzeichen: \u00a0BH, FH I, FH II, IPO FH Wurftag:\u00a0\u00a0\u00a0\u00a0 26.12.2004 Eltern:\u00a0\u00a0\u00a0\u00a0 Daneskjold Turbo\u00a0\u00a0\u00a0\u00a0 x\u00a0\u00a0\u00a0\u00a0 Daneskjold Zombi Flash bei Working-dog Flash Pr\u00fcfungsergebnisse Stand 05.12.15 Nach mehr als 11 Jahren &#8211; einer langen Zeit mit sehr viel Freude, Gl\u00fcck und Erfolg &#8211; &hellip; <a href=\"https:\/\/faehrtenteam-colonia.de\/?page_id=200\">Weiterlesen <span class=\"meta-nav\">&rarr;<\/span><\/a><\/p>\n","protected":false},"author":1,"featured_media":0,"parent":241,"menu_order":3,"comment_status":"open","ping_status":"closed","template":"","meta":{"footnotes":""},"_links":{"self":[{"href":"https:\/\/faehrtenteam-colonia.de\/index.php?rest_route=\/wp\/v2\/pages\/200"}],"collection":[{"href":"https:\/\/faehrtenteam-colonia.de\/index.php?rest_route=\/wp\/v2\/pages"}],"about":[{"href":"https:\/\/faehrtenteam-colonia.de\/index.php?rest_route=\/wp\/v2\/types\/page"}],"author":[{"embeddable":true,"href":"https:\/\/faehrtenteam-colonia.de\/index.php?rest_route=\/wp\/v2\/users\/1"}],"replies":[{"embeddable":true,"href":"https:\/\/faehrtenteam-colonia.de\/index.php?rest_route=%2Fwp%2Fv2%2Fcomments&post=200"}],"version-history":[{"count":81,"href":"https:\/\/faehrtenteam-colonia.de\/index.php?rest_route=\/wp\/v2\/pages\/200\/revisions"}],"predecessor-version":[{"id":1783,"href":"https:\/\/faehrtenteam-colonia.de\/index.php?rest_route=\/wp\/v2\/pages\/200\/revisions\/1783"}],"up":[{"embeddable":true,"href":"https:\/\/faehrtenteam-colonia.de\/index.php?rest_route=\/wp\/v2\/pages\/241"}],"wp:attachment":[{"href":"https:\/\/faehrtenteam-colonia.de\/index.php?rest_route=%2Fwp%2Fv2%2Fmedia&parent=200"}],"curies":[{"name":"wp","href":"https:\/\/api.w.org\/{rel}","templated":true}]}}