{"id":114,"date":"2011-05-12T12:10:56","date_gmt":"2011-05-12T10:10:56","guid":{"rendered":"http:\/\/faehrtenteam-colonia.de\/?page_id=114"},"modified":"2014-06-23T07:47:53","modified_gmt":"2014-06-23T05:47:53","slug":"seminarablauf","status":"publish","type":"page","link":"https:\/\/faehrtenteam-colonia.de\/?page_id=114","title":{"rendered":"Seminarangebote"},"content":{"rendered":"<p style=\"text-align: left;\">\n<h3 style=\"text-align: justify;\"><strong><span style=\"color: #000000;\">Unsere Seminarangebote richten sich an einzelne Interessierte wie auch an ganze Vereine.<\/span><\/strong><\/h3>\n<h1 style=\"text-align: center;\"><em><span style=\"color: #000000; text-decoration: underline;\"><strong>F\u00e4hrtenseminare vom Welpen zum F\u00e4hrtenhund <\/strong><\/span><\/em><\/h1>\n<h2 style=\"text-align: center;\"><em><span style=\"color: #000000; text-decoration: underline;\"><strong>Teil I und Teil II<\/strong><\/span><\/em><\/h2>\n<p style=\"text-align: justify;\"><span style=\"color: #000000;\"><strong>Die F\u00e4hrtenseminare sind f\u00fcr Einzelpersonen wie auch f\u00fcr Gruppen mit \u00a010 &#8211; 12 Hundef\u00fchrern\/innen mit je einem Hund geplant.<\/strong><\/span><\/p>\n<h2 style=\"text-align: center;\"><em><span style=\"color: #000000;\"><strong>Teil I<\/strong><\/span><\/em><\/h2>\n<p style=\"text-align: justify;\"><span style=\"color: #000000;\"><strong>Wir bieten Wochenendseminare von Freitagabend bzw. Samstagmorgen bis Sonntagabend an, dar\u00fcber hinaus gibt es die M\u00f6glichkeit Seminare \u00fcber mehre Tage bis zu zwei Wochen mit uns durchzuf\u00fchren.<\/strong><\/span><\/p>\n<p style=\"text-align: justify;\"><span style=\"color: #000000;\">Jedes Seminars beginnt mit einer Powerpoint Pr\u00e4sentation in der wir nach einer kurzen Einleitung unser Training vorstellen.<\/span><\/p>\n<p><span style=\"color: #000000;\"><strong>Workshop Schwerpunkte:<\/strong><\/span><\/p>\n<ul>\n<li><span style=\"color: #000000;\">Unsere\u00a0Trainingsmethoden<\/span><\/li>\n<li><span style=\"color: #000000;\">Planung und Vorbereitung einer Trainingsf\u00e4hrte<\/span><\/li>\n<li><span style=\"color: #000000;\">F\u00e4hrtenskizze<\/span><\/li>\n<li><span style=\"color: #000000;\">F\u00e4hrte legen und markieren<\/span><\/li>\n<li><span style=\"color: #000000;\">F\u00e4hrte mit den Teilnehmern abgehen und besprechen<\/span><\/li>\n<li><span style=\"color: #000000;\">Dokumentation\u00a0 der Trainingsergebnisse<\/span><\/li>\n<li><span style=\"color: #000000;\">Diskussion \u00fcber die vorgestellten Trainingsmethoden<\/span><\/li>\n<\/ul>\n<p style=\"text-align: justify;\"><span style=\"color: #000000;\"><strong>Nach dem Theorieteil Abfahrt ins F\u00e4hrtengel\u00e4nde.<\/strong><\/span><\/p>\n<p style=\"text-align: justify;\"><span style=\"color: #000000;\"><strong>Hier verschaffen \u00a0wir uns als erstes einen \u00dcberblick \u00fcber die Trainings-methoden und den Ausbildungsstand\u00a0 der teilnehmenden\u00a0 Hunde-f\u00fchrer\/innen mit ihren Hunden.<\/strong><\/span><\/p>\n<p style=\"text-align: justify;\"><span style=\"color: #000000;\">Die Teilnehmer\/innen legen nacheinander nach ihrem bisherigen System f\u00fcr ihren Hund eine kurze F\u00e4hrte, bei der Ausarbeitung dieser F\u00e4hrte geht die komplette Gruppe als Beobachter mit.<\/span><\/p>\n<p><span style=\"color: #000000;\">Nach dem Ende jeder F\u00e4hrte wird diese mit der Gruppe besprochen.\u00a0<\/span><\/p>\n<p><span style=\"color: #000000;\"><strong>Optimieren der bisherigen Trainingsmethoden<\/strong><\/span><\/p>\n<p style=\"text-align: justify;\"><span style=\"color: #000000;\">Nachdem wir mit allen Teilnehmer\/innen \u00fcber ihre bisherigen Trainingsmethoden gesprochen und Vorschl\u00e4ge zur besseren Trainingsgestaltung gemacht haben, werden von ihnen weitere Trainingsf\u00e4hrten gelegt und nacheinander mit uns abgesucht und besprochen<span style=\"font-family: Times New Roman;\">.<\/span><\/span><\/p>\n<p><span style=\"color: #000000;\"><strong>Samstagabend reflektieren wir im Vereinsheim den ersten Trainingstag.<\/strong><\/span><\/p>\n<p style=\"text-align: justify;\"><span style=\"color: #000000;\">Wir beantworten Fragen der Teilnehmer in Theorie und Praxis und besprechen den Ablauf des folgenden Sonntags.<\/span><\/p>\n<p><span style=\"color: #000000;\"><strong>Sonntag:<\/strong><\/span><\/p>\n<ul>\n<li><span style=\"color: #000000;\">Morgens Abfahrt ins F\u00e4hrtengel\u00e4nde. <\/span><\/li>\n<li style=\"text-align: justify;\"><span style=\"color: #000000;\">Mit allen Seminarteilnehmern eine kurze Besprechung um die Trainingsschwerpunkte, unter Ber\u00fccksichtigung der Erkenntnisse des Vortags, f\u00fcr jeden\u00a0 Hund festzulegen.<\/span><\/li>\n<\/ul>\n<p style=\"text-align: justify;\"><span style=\"color: #000000;\"><strong>F\u00fcr Sonntagabend ist eine A<\/strong><strong>bschlussbesprechung im Vereinsheim vorgesehen, in deren Verlauf die Teilnehmer\/innen schriftliche Seminar-unterlagen erhalten.<\/strong><\/span><\/p>\n<p style=\"text-align: justify;\"><span style=\"color: #000000;\"><span style=\"font-family: Arial;\">Bei l\u00e4ngeren F\u00e4hrtenseminaren kann der Trainingsbeginn in der Woche individuell mit uns abgesprochen werden, z.B. Montag bis Freitag Beginn 15.00 Uhr.<\/span><\/span><\/p>\n<p><span style=\"color: #000000;\">\u00a0<\/span><span style=\"color: #000000; font-family: Times New Roman;\">\u00a0<\/span><\/p>\n<h2 style=\"text-align: center;\"><em><span style=\"color: #000000;\"><strong>Teil II<\/strong><\/span><\/em><\/h2>\n<p style=\"text-align: justify;\"><span style=\"color: #000000;\"><strong>Im F\u00e4hrtenseminar Teil II bieten wir\u00a0 Wochenendseminare,\u00a0die auf unseren ersten Teil aufbauen und\u00a0von Freitagabend bzw. Samstagmorgen bis Sonntagabend dauern. Dar\u00fcber hinaus gibt es auch jetzt wieder die M\u00f6glichkeit Seminare \u00fcber mehre Tage bis zu zwei Wochen mit uns durchzuf\u00fchren.\u00a0\u00a0<\/strong><\/span><\/p>\n<p style=\"text-align: justify;\"><span style=\"color: #000000;\">Das Seminar beginnt Freitagabend bzw. Samstagmorgen mit einer Powerpoint Pr\u00e4sentation in der wir die Schwerpunkte des 2. Teils vorstellen.<\/span><\/p>\n<p><span style=\"color: #000000;\"><strong>Workshop Schwerpunkte:<\/strong><\/span><\/p>\n<ul>\n<li><span style=\"color: #000000;\">Die in Teil I vermittelten Trainingsinhalte \u00fcberpr\u00fcfen und verbessern<\/span><\/li>\n<li><span style=\"color: #000000;\">F\u00e4hrtenarbeit mit Markierungspinnen <\/span><\/li>\n<li><span style=\"color: #000000;\">F\u00e4hrtenarbeit mit Filmd\u00f6schen bzw. R\u00f6hrchen<\/span><\/li>\n<li><span style=\"color: #000000;\">Gegenst\u00e4nde mit R\u00f6hrchen<\/span><\/li>\n<li><span style=\"color: #000000;\">Gel\u00e4ndewechsel, Verleitungen und Weg\u00fcberquerungen<\/span><\/li>\n<\/ul>\n<p><span style=\"color: #000000;\"><strong>Nach dem Theorieteil Abfahrt ins F\u00e4hrtengel\u00e4nde.<\/strong><\/span><\/p>\n<p style=\"text-align: justify;\"><span style=\"color: #000000;\">Training mit Filmd\u00f6schen bzw. R\u00f6hrchen. \u00a0\u00a0\u00a0\u00a0\u00a0\u00a0\u00a0\u00a0\u00a0\u00a0\u00a0\u00a0\u00a0\u00a0\u00a0\u00a0\u00a0\u00a0\u00a0\u00a0\u00a0\u00a0\u00a0\u00a0\u00a0\u00a0\u00a0\u00a0\u00a0\u00a0\u00a0\u00a0\u00a0\u00a0\u00a0\u00a0\u00a0\u00a0\u00a0\u00a0\u00a0\u00a0\u00a0\u00a0\u00a0\u00a0\u00a0\u00a0\u00a0\u00a0\u00a0\u00a0\u00a0\u00a0\u00a0\u00a0\u00a0\u00a0\u00a0\u00a0\u00a0\u00a0\u00a0\u00a0\u00a0\u00a0\u00a0\u00a0\u00a0\u00a0\u00a0\u00a0\u00a0\u00a0\u00a0\u00a0\u00a0\u00a0\u00a0 Mit allen Hunden Verleitungen und Weg\u00fcberquerungen trainieren.\u00a0\u00a0\u00a0\u00a0\u00a0\u00a0\u00a0\u00a0\u00a0\u00a0\u00a0\u00a0\u00a0\u00a0\u00a0\u00a0\u00a0\u00a0\u00a0\u00a0\u00a0\u00a0\u00a0\u00a0\u00a0\u00a0\u00a0\u00a0\u00a0\u00a0\u00a0\u00a0 Legen und ausarbeiten von Trainingsf\u00e4hrten die f\u00fcr jeden Hund individuell unter Ber\u00fccksichtigung der festgestellten Probleme besprochen und skizziert werden.\u00a0<\/span><\/p>\n<p style=\"text-align: left;\"><span style=\"color: #000000;\">\u00a0<strong>Samstagabend reflektieren wir im Vereinsheim den ersten Trainingstag.<\/strong><\/span><\/p>\n<p><span style=\"color: #000000;\"><strong>Sonntag:<\/strong><\/span><\/p>\n<ul>\n<li><span style=\"color: #000000;\">Morgens Abfahrt ins F\u00e4hrtengel\u00e4nde. <\/span><\/li>\n<li style=\"text-align: justify;\"><span style=\"color: #000000;\">Mit allen Seminarteilnehmern eine kurze Besprechung um die Trainingsschwerpunkte, unter Ber\u00fccksichtigung der Erkenntnisse des Vortags, f\u00fcr jeden\u00a0 Hund festzulegen.<\/span><\/li>\n<\/ul>\n<p style=\"text-align: justify;\"><span style=\"color: #000000;\"><strong>F\u00fcr Sonntagabend ist eine A<\/strong><strong>bschlussbesprechung im Vereinsheim vorgesehen, alle Teilnehmer\/innen erhalten schriftliche Seminarunterlagen.<\/strong><\/span><\/p>\n<p style=\"text-align: justify;\"><span style=\"color: #000000;\">Bei l\u00e4ngeren F\u00e4hrtenseminaren kann der Trainingsbeginn in der Woche individuell mit uns abgesprochen werden, z.B. Montag bis Freitag Beginn 15.00 Uhr.<\/span><\/p>\n<p style=\"text-align: left;\">\n","protected":false},"excerpt":{"rendered":"<p>Unsere Seminarangebote richten sich an einzelne Interessierte wie auch an ganze Vereine. F\u00e4hrtenseminare vom Welpen zum F\u00e4hrtenhund Teil I und Teil II Die F\u00e4hrtenseminare sind f\u00fcr Einzelpersonen wie auch f\u00fcr Gruppen mit \u00a010 &#8211; 12 Hundef\u00fchrern\/innen mit je einem Hund &hellip; <a href=\"https:\/\/faehrtenteam-colonia.de\/?page_id=114\">Weiterlesen <span class=\"meta-nav\">&rarr;<\/span><\/a><\/p>\n","protected":false},"author":1,"featured_media":0,"parent":0,"menu_order":1,"comment_status":"open","ping_status":"closed","template":"","meta":{"footnotes":""},"_links":{"self":[{"href":"https:\/\/faehrtenteam-colonia.de\/index.php?rest_route=\/wp\/v2\/pages\/114"}],"collection":[{"href":"https:\/\/faehrtenteam-colonia.de\/index.php?rest_route=\/wp\/v2\/pages"}],"about":[{"href":"https:\/\/faehrtenteam-colonia.de\/index.php?rest_route=\/wp\/v2\/types\/page"}],"author":[{"embeddable":true,"href":"https:\/\/faehrtenteam-colonia.de\/index.php?rest_route=\/wp\/v2\/users\/1"}],"replies":[{"embeddable":true,"href":"https:\/\/faehrtenteam-colonia.de\/index.php?rest_route=%2Fwp%2Fv2%2Fcomments&post=114"}],"version-history":[{"count":22,"href":"https:\/\/faehrtenteam-colonia.de\/index.php?rest_route=\/wp\/v2\/pages\/114\/revisions"}],"predecessor-version":[{"id":1505,"href":"https:\/\/faehrtenteam-colonia.de\/index.php?rest_route=\/wp\/v2\/pages\/114\/revisions\/1505"}],"wp:attachment":[{"href":"https:\/\/faehrtenteam-colonia.de\/index.php?rest_route=%2Fwp%2Fv2%2Fmedia&parent=114"}],"curies":[{"name":"wp","href":"https:\/\/api.w.org\/{rel}","templated":true}]}}