{"id":3120,"date":"2018-05-02T10:31:15","date_gmt":"2018-05-02T08:31:15","guid":{"rendered":"http:\/\/faehrtenteam-colonia.de\/?page_id=3120"},"modified":"2026-03-23T09:12:41","modified_gmt":"2026-03-23T07:12:41","slug":"lee","status":"publish","type":"page","link":"http:\/\/faehrtenteam-colonia.de\/?page_id=3120","title":{"rendered":"Lee"},"content":{"rendered":"<h1 style=\"text-align: center;\"><span style=\"color: #000000;\">Pr\u00fcfungsergebnisse<\/span><\/h1>\n<h1 style=\"text-align: center;\"><span style=\"color: #000000;\">Lee von Tj\u00e4rnshaget<\/span><\/h1>\n<p>21. M\u00e4rz 2026 Lee startet beim HSV Z\u00fclpich <a href=\"http:\/\/faehrtenteam-colonia.de\/?p=5170\">Bericht und Bilder<\/a><\/p>\n<p>29.\/30. November 2025 startet Lee beim R\u00f6merpokal in Z\u00fclpich <a href=\"http:\/\/faehrtenteam-colonia.de\/?p=5137\">Bericht und Bilder<\/a><\/p>\n<p>02. November 2025 Lee startet in der SV OG Fischenich <a href=\"http:\/\/faehrtenteam-colonia.de\/?p=5116\">Bericht und Bilder<\/a><\/p>\n<p>04.-05. Oktober 2025 Lee startet auf der DVG IGP FH Landesmeisterschaft in Z\u00fclpich <a href=\"http:\/\/faehrtenteam-colonia.de\/?p=5092\">Bericht und Bilder<\/a><\/p>\n<p>06.+07. September 2025 Lee startet beim HSC Kempen <a href=\"https:\/\/faehrtenteam-colonia.de\/wp-admin\/post.php?post=5078&amp;action=edit\">Bericht und Bilder<\/a><\/p>\n<p>23. M\u00e4rz 2025 Lee startet beim HSV Z\u00fclpich <a href=\"http:\/\/faehrtenteam-colonia.de\/?p=5048\">Bericht und Bilder<\/a><\/p>\n<p>15. Dezember 2024 Lee startet in der SV OG Wermelskirchen <a href=\"http:\/\/faehrtenteam-colonia.de\/?p=5030\">Bericht und Bilder<\/a><\/p>\n<p>30.November + 01.Dezember 2024 startete Lee beim R\u00f6merpokal in Z\u00fclpich <a href=\"http:\/\/faehrtenteam-colonia.de\/?p=5011\">Bericht und Bilder<\/a><\/p>\n<p>25.-27. Oktober 2024 Lee startet auf der DVG IGP FH Bundessiegerpr\u00fcfung in Stockelsdorf\u00a0 \u00a0 <a href=\"http:\/\/faehrtenteam-colonia.de\/?p=4987\">Bericht und Bilder<\/a><\/p>\n<p>05.-06. Oktober 2024 Lee startete auf der DVG IGP FH Landesmeisterschaft in Kempen <a href=\"http:\/\/faehrtenteam-colonia.de\/?p=4987\">Bericht und Bilder<\/a><\/p>\n<p>29. September 2024 Lee startete auf der SV Landesmeisterschaft FH in Straelen <a href=\"http:\/\/faehrtenteam-colonia.de\/?p=4946\">Bericht und Bilder<\/a><\/p>\n<p>24.-25. August 2024 Lee startet beim DVG MV Buir <a href=\"http:\/\/faehrtenteam-colonia.de\/?p=4921\">Bericht und Bilder<\/a><\/p>\n<p>26.Mai 2024 Lee startete in der SV OG Aachen Soers <a href=\"http:\/\/faehrtenteam-colonia.de\/?p=4891\">Bericht und Bilder<\/a><\/p>\n<p>12. Mai 2024 Lee startet in der SV OG Balkhausen <a href=\"http:\/\/faehrtenteam-colonia.de\/?p=4866(\u00f6ffnet in neuem Tab)\">Bericht und Bilder<\/a><\/p>\n<p>04. Mai 2024 Lee startet in der SV OG Swisttal-Odendorf <a href=\"http:\/\/faehrtenteam-colonia.de\/?p=4864(\u00f6ffnet in neuem Tab)\">Bericht und Bilder<\/a><\/p>\n<p>23.-24. M\u00e4rz 2024 Lee startet beim PSHV Viersen <a href=\"http:\/\/faehrtenteam-colonia.de\/?p=4793\">Bericht und Bilder<\/a><\/p>\n<p>04.-05. November 2023 Lee startet beim R\u00f6merpokal in Z\u00fclpich <a href=\"http:\/\/faehrtenteam-colonia.de\/?p=4767\">Bericht und Bilder<\/a><\/p>\n<p>27.-29. Oktober 2023 Lee startet auf der DVG IGP FH Bundessiegerpr\u00fcfung in G\u00fcstrow <a href=\"http:\/\/faehrtenteam-colonia.de\/?p=4743\">Bericht und Bilder<\/a><\/p>\n<p>7. \/08. Oktober 2023 Lee startete auf der DVG IGP FH Landesmeisterschaft in Viersen <a href=\"http:\/\/faehrtenteam-colonia.de\/?p=4705\">Bericht und Bilder<\/a><\/p>\n<p>24. September 2023 Lee startete auf der SV IFH 2 Landesmeisterschaft in Mutscheid <a href=\"http:\/\/faehrtenteam-colonia.de\/?p=4677\">Bericht und Bilder<\/a><\/p>\n<p>29.-30. April 2023 IGP FH Pr\u00fcfung beim PSHV Viersen <a href=\"http:\/\/faehrtenteam-colonia.de\/?p=4603\">Bericht und Bilder<\/a><\/p>\n<p>16. April 2023 IFH II Pr\u00fcfung bei der SV OG Grevenbroich\u00a0<a href=\"http:\/\/faehrtenteam-colonia.de\/?p=4577\">Bericht und Bilder<\/a><\/p>\n<p>02. April 2023 IFH II Pr\u00fcfung bei der SV OG Bedburg-Glesch<a href=\"http:\/\/faehrtenteam-colonia.de\/?p=4553\"> Bericht und Bilder<\/a><\/p>\n<p>25. M\u00e4rz 2023 Fr\u00fchjahrspr\u00fcfung beim HSV Z\u00fclpich <a href=\"http:\/\/faehrtenteam-colonia.de\/?p=4535\">Bericht und Bilder<\/a><\/p>\n<p>11. M\u00e4rz 2023 IHF II Pr\u00fcfung bei der SV OG Euskirchen <a href=\"http:\/\/faehrtenteam-colonia.de\/?p=4491\">Bericht und Bilder<\/a><\/p>\n<p>28. bis 30. Oktober 2022 Lee startete auf der DVG Bundessiegerpr\u00fcfung IGP FH in Z\u00fclpich <a href=\"http:\/\/faehrtenteam-colonia.de\/?p=4437(\u00f6ffnet in neuem Tab)\">Bericht und Bilder<\/a><\/p>\n<p>24. September 2022 IHF II Lee startete auf der DVG IFH 2 der Landesgruppe Nord-Rheinland in Eschweiler <a href=\"http:\/\/faehrtenteam-colonia.de\/?p=4399\">Bericht und Bilder<\/a><\/p>\n<p>23. April 2022 IHF II Pr\u00fcfung bei de SV OG Mutscheid <a href=\"http:\/\/faehrtenteam-colonia.de\/?p=4262\">Bericht und Bilder<\/a><\/p>\n<p>03. April 2022 IHF II Pr\u00fcfung bei der SV OG Fischenich <a href=\"http:\/\/faehrtenteam-colonia.de\/?p=4223(\u00f6ffnet in neuem Tab)\">Bericht und Bilder<\/a><\/p>\n<p>19. M\u00e4rz 2022 IFH II Pr\u00fcfung bei der SV OG Erftstadt Erp<a href=\"http:\/\/faehrtenteam-colonia.de\/?p=4216\"> Bericht und Bilder<\/a><\/p>\n<p>13. M\u00e4rz 2022 IFH II Pr\u00fcfung in Z\u00fclpich<a href=\"http:\/\/faehrtenteam-colonia.de\/?p=4186(\u00f6ffnet in neuem Tab)\"> Bericht und Bilder<\/a><\/p>\n<p>06.\/07. November 2021 IGP FH in Z\u00fclpich <a href=\"http:\/\/faehrtenteam-colonia.de\/?p=4146(\u00f6ffnet in neuem Tab)\">Bilder und Bericht<\/a><\/p>\n<p>01. November 2021 IHF II Pr\u00fcfung bei der SV OG Balkhausen <a href=\"http:\/\/faehrtenteam-colonia.de\/?p=4117(%C3%B6ffnet%20in%20neuem%20Tab)\" data-type=\"URL\" data-id=\"http:\/\/faehrtenteam-colonia.de\/?p=4117(\u00f6ffnet in neuem Tab)\">Bericht und Bilder<\/a><\/p>\n<p>17. Oktober 2021 IHF II Pr\u00fcfung bei der SV OG Odendorf <a href=\"http:\/\/faehrtenteam-colonia.de\/?p=4101(%C3%B6ffnet%20in%20neuem%20Tab)\">Bericht und Bilder<\/a><\/p>\n<p>03.- Oktober 2021 Lee startet auf der DVG IGP FH der Landesgruppe Nord-Rheinland in Z\u00fclpich <a href=\"http:\/\/faehrtenteam-colonia.de\/?p=4077\">Bericht und Bilder<\/a><\/p>\n<p>26. September 2021 Lee startet auf der SV Landesmeisterschaft IFH 2 in Euskirchen <a href=\"http:\/\/faehrtenteam-colonia.de\/?p=4038(%C3%B6ffnet%20in%20neuem%20Tab)\">Bericht und Bilder<\/a><\/p>\n<p>31. Oktober + 01. November 2020\u00a0 Lee startet auf dem R\u00f6merpokal beim HSV Z\u00fclpich <a href=\"http:\/\/faehrtenteam-colonia.de\/?p=3882\">Bericht und Bilder<\/a><\/p>\n<p>18. Oktober 2020 IFH II Pr\u00fcfung bei der SV OG Odendorf <a href=\"http:\/\/faehrtenteam-colonia.de\/?p=3858\">Bericht und Bilder<\/a><\/p>\n<p>03.-04. Oktober 2020 Lee startet auf der DVG IGP FH der Landesgruppe Nord-Rheinland in Z\u00fclpich <a href=\"http:\/\/faehrtenteam-colonia.de\/?p=3827\">Bericht und Bilder<\/a><\/p>\n<p>27. September 2020 Lee startet auf der Landesmeisterschaft IFH 2 in J\u00fclich <a href=\"http:\/\/faehrtenteam-colonia.de\/?p=3797\">Bericht und Bilder<\/a><\/p>\n<p>22. August 2020 IFH II Pr\u00fcfung bei der SV OG Wesseling-Urfeld\u00a0 <a href=\"http:\/\/faehrtenteam-colonia.de\/?p=3729\">Bericht und Bilder<\/a><\/p>\n<p>02. + 03. November 2019 IGP FH beim HSV Z\u00fclpich <a href=\"http:\/\/faehrtenteam-colonia.de\/?p=3602\">Bericht und Bilder<\/a><\/p>\n<p>29. September 2019 Lee startet auf der SV IFH Landesm. in Mutscheid <a href=\"http:\/\/faehrtenteam-colonia.de\/?p=3593\">Bericht<\/a><\/p>\n<p>03. August 2019 Lee startet bei der SV OG Bonn-Duisdorf <a href=\"http:\/\/faehrtenteam-colonia.de\/wp-admin\/post.php?post=3568&amp;action=edit\">\u00a0 Bericht und Bild<\/a><\/p>\n<p><span style=\"display: inline !important; float: none; background-color: transparent; color: #191e23; cursor: text; font-family: 'Noto Serif'; font-size: 16px; font-style: normal; font-variant: normal; font-weight: 400; letter-spacing: normal; orphans: 2; text-align: left; text-decoration: none; text-indent: 0px; text-transform: none; -webkit-text-stroke-width: 0px; white-space: normal; word-spacing: 0px;\">11. Mai 2019 Lee startete bei der SV OG Bonn Duisdorf\u00a0<a href=\"http:\/\/faehrtenteam-colonia.de\/?p=3420\"> Bericht und Bilder<\/a><\/span><\/p>\n<p><span style=\"display: inline !important; float: none; background-color: transparent; color: #191e23; cursor: text; font-family: 'Noto Serif'; font-size: 16px; font-style: normal; font-variant: normal; font-weight: 400; letter-spacing: normal; orphans: 2; text-align: left; text-decoration: none; text-indent: 0px; text-transform: none; -webkit-text-stroke-width: 0px; white-space: normal; word-spacing: 0px;\">06. April 2019 Lee startete beim DVG MV Wegberg <a href=\"http:\/\/faehrtenteam-colonia.de\/?p=3395\">Bericht und Bilder<\/a><\/span><\/p>\n<p><span style=\"display: inline !important; float: none; background-color: transparent; color: #191e23; cursor: text; font-family: 'Noto Serif'; font-size: 16px; font-style: normal; font-variant: normal; font-weight: 400; letter-spacing: normal; orphans: 2; text-align: left; text-decoration: none; text-indent: 0px; text-transform: none; -webkit-text-stroke-width: 0px; white-space: normal; word-spacing: 0px;\">23. M\u00e4rz 2019 Lee startete bei der SV OG Erftstadt-Erp <\/span><a href=\"http:\/\/faehrtenteam-colonia.de\/?p=3363\">Bericht und Bilder<\/a><\/p>\n<p>16. + 17. M\u00e4rz 2019 IGP FH beim HSV Z\u00fclpich <a href=\"http:\/\/faehrtenteam-colonia.de\/?p=3350\">Bericht und Bilder<\/a><\/p>\n<p>10. + 11. November 2018 erste IPO FH beim HSV Z\u00fclpich <a href=\"http:\/\/faehrtenteam-colonia.de\/?p=3301\">Bericht und Bilder\u00a0<\/a><\/p>\n<p>01. Mai 2018 Begleithundepr\u00fcfung in der Dobermannabteilung K\u00f6ln <a href=\"http:\/\/faehrtenteam-colonia.de\/?p=3097\">Bericht und Bilder<\/a><\/p>\n\n\n<p><\/p>\n","protected":false},"excerpt":{"rendered":"<p>Pr\u00fcfungsergebnisse Lee von Tj\u00e4rnshaget 21. M\u00e4rz 2026 Lee startet beim HSV Z\u00fclpich Bericht und Bilder 29.\/30. November 2025 startet Lee beim R\u00f6merpokal in Z\u00fclpich Bericht und Bilder 02. November 2025 Lee startet in der SV OG Fischenich Bericht und Bilder &hellip; <a href=\"http:\/\/faehrtenteam-colonia.de\/?page_id=3120\">Weiterlesen <span class=\"meta-nav\">&rarr;<\/span><\/a><\/p>\n","protected":false},"author":1,"featured_media":0,"parent":1888,"menu_order":13,"comment_status":"closed","ping_status":"closed","template":"","meta":{"footnotes":""},"_links":{"self":[{"href":"http:\/\/faehrtenteam-colonia.de\/index.php?rest_route=\/wp\/v2\/pages\/3120"}],"collection":[{"href":"http:\/\/faehrtenteam-colonia.de\/index.php?rest_route=\/wp\/v2\/pages"}],"about":[{"href":"http:\/\/faehrtenteam-colonia.de\/index.php?rest_route=\/wp\/v2\/types\/page"}],"author":[{"embeddable":true,"href":"http:\/\/faehrtenteam-colonia.de\/index.php?rest_route=\/wp\/v2\/users\/1"}],"replies":[{"embeddable":true,"href":"http:\/\/faehrtenteam-colonia.de\/index.php?rest_route=%2Fwp%2Fv2%2Fcomments&post=3120"}],"version-history":[{"count":145,"href":"http:\/\/faehrtenteam-colonia.de\/index.php?rest_route=\/wp\/v2\/pages\/3120\/revisions"}],"predecessor-version":[{"id":5203,"href":"http:\/\/faehrtenteam-colonia.de\/index.php?rest_route=\/wp\/v2\/pages\/3120\/revisions\/5203"}],"up":[{"embeddable":true,"href":"http:\/\/faehrtenteam-colonia.de\/index.php?rest_route=\/wp\/v2\/pages\/1888"}],"wp:attachment":[{"href":"http:\/\/faehrtenteam-colonia.de\/index.php?rest_route=%2Fwp%2Fv2%2Fmedia&parent=3120"}],"curies":[{"name":"wp","href":"https:\/\/api.w.org\/{rel}","templated":true}]}}