{"id":193,"date":"2011-05-14T12:27:44","date_gmt":"2011-05-14T10:27:44","guid":{"rendered":"http:\/\/faehrtenteam-colonia.de\/?page_id=193"},"modified":"2018-12-13T10:12:28","modified_gmt":"2018-12-13T08:12:28","slug":"holly-vom-greifenring","status":"publish","type":"page","link":"http:\/\/faehrtenteam-colonia.de\/?page_id=193","title":{"rendered":"Holly vom Greifenring"},"content":{"rendered":"<p><span style=\"color: #000000;\">\u00a0<a href=\"http:\/\/faehrtenteam-colonia.de\/wp-content\/uploads\/2011\/05\/Holly-vom-Greifenring.pdf\">Pr\u00fcfungsergebnisse <\/a><\/span><\/p>\n<p><span style=\"color: #000000;\">Wurftag:\u00a0\u00a0\u00a0\u00a0 09.07.1998<\/span><\/p>\n<p><span style=\"color: #000000;\">Eltern:\u00a0\u00a0\u00a0<a href=\"http:\/\/www.working-dog.eu\/dogs-details\/269\/Idol-LOF-270094974\" target=\"_blank\" rel=\"noopener\">\u00a0 Idol<\/a>\u00a0\u00a0\u00a0\u00a0 x\u00a0\u00a0\u00a0<a href=\"http:\/\/www.working-dog.eu\/dogs-details\/156\/Comtesse-vom-Roten-Falken\" target=\"_blank\" rel=\"noopener\">\u00a0 Comtesse vom roten Falken<\/a>\u00a0<\/span><\/p>\n<p><a href=\"http:\/\/www.working-dog.eu\/dogs-details\/6718\/Holly-vom-Greifenring\" target=\"_blank\" rel=\"noopener\">\u00a0Holly bei Working-dog<\/a><\/p>\n<p><span style=\"color: #000000;\">Ausbildungskennzeichen:\u00a0\u00a0\u00a0\u00a0 VPG II, FH I, FH II, IPO FH<\/span><\/p>\n<p class=\"MsoNormal\"><em><span style=\"color: blue; font-family: 'Comic Sans MS'; font-size: medium;\"><span style=\"font-family: 'Comic Sans MS'; color: blue; font-size: 12pt;\">Nach \u00fcber 15 Jahren &#8211; einer ganz langen Zeit der Freude, des Gl\u00fccks und sportlichen Erfolges \u2013 ist unsere geliebte Holly am 10. September 2013 friedlich eingeschlafen und von uns gegangen.<\/span><\/span><\/em><em>\u00a0<\/em><\/p>\n<p class=\"MsoNormal\"><em><span style=\"color: blue; font-family: 'Comic Sans MS'; font-size: medium;\"><span style=\"font-family: 'Comic Sans MS'; color: blue; font-size: 12pt;\">Wir werden sie sehr vermissen und die supersch\u00f6ne Zeit mit ihr in dankbarer Erinnerung behalten.<\/span><\/span><\/em><em>\u00a0<\/em><\/p>\n<p class=\"MsoNormal\"><em><span style=\"color: blue; font-family: 'Comic Sans MS'; font-size: medium;\"><span style=\"font-family: 'Comic Sans MS'; color: blue; font-size: 12pt;\">Horst und Maria Hinz zusammen mit Flash<\/span><\/span><\/em><\/p>\n<p>&nbsp;<\/p>\n<div id=\"attachment_1205\" style=\"width: 609px\" class=\"wp-caption aligncenter\"><a href=\"http:\/\/faehrtenteam-colonia.de\/wp-content\/uploads\/2011\/05\/IMG_a32971.jpg\"><img loading=\"lazy\" decoding=\"async\" aria-describedby=\"caption-attachment-1205\" class=\"size-full wp-image-1205\" title=\"Einer der letzten Spazierg\u00e4nge am 07. September 2013\" src=\"http:\/\/faehrtenteam-colonia.de\/wp-content\/uploads\/2011\/05\/IMG_a32971.jpg\" alt=\"\" width=\"599\" height=\"800\" srcset=\"http:\/\/faehrtenteam-colonia.de\/wp-content\/uploads\/2011\/05\/IMG_a32971.jpg 599w, http:\/\/faehrtenteam-colonia.de\/wp-content\/uploads\/2011\/05\/IMG_a32971-224x300.jpg 224w\" sizes=\"(max-width: 599px) 100vw, 599px\" \/><\/a><p id=\"caption-attachment-1205\" class=\"wp-caption-text\">Einer der letzten Spazierg\u00e4nge am 07. September 2013<\/p><\/div>\n<p class=\"MsoNormal\"><em><span style=\"font-family: Arial; font-size: small;\"><span style=\"font-family: Arial; font-size: 10pt;\">\u00a0<\/span><\/span><\/em><\/p>\n<p><span style=\"text-decoration: underline;\"><strong><span style=\"font-size: large; font-family: Comic Sans MS;\">Abschied vom F\u00e4hrtensport<\/span><\/strong><\/span><\/p>\n<p><span style=\"font-size: medium; font-family: Comic Sans MS;\">Auch wenn ich nun bei einigen Fans vielleicht f\u00fcr eine kleine Tr\u00e4ne im Auge sorge, so m\u00f6chte ich mich dennoch nun an dieser Stelle vom F\u00e4hrtenhundesport verabschieden. <\/span><span style=\"font-size: medium; font-family: Comic Sans MS;\">Mit meiner letzten F\u00e4hrtenhundepr\u00fcfung vom 19. April 2009 beende ich meine F\u00e4hrtenkarriere!\u00a0<\/span><span style=\"font-size: medium; font-family: Comic Sans MS;\">Gerade zum Abschluss meiner Karriere habe ich mich bei meiner letzten F\u00e4hrte noch einmal so richtig toll angestrengt und mit dem H\u00f6chstergebnis von 100 Punkten einen grandiosen Karriereabschluss erreicht. Hier ein Bild meiner letzten Pr\u00fcfungsf\u00e4hrte:<\/span><\/p>\n<p style=\"text-align: center;\"><a href=\"http:\/\/faehrtenteam-colonia.de\/wp-content\/uploads\/2011\/05\/Abschiedsfaehrte2.jpg\"><img loading=\"lazy\" decoding=\"async\" class=\"aligncenter size-medium wp-image-1200\" title=\"Abschiedsfaehrte2\" src=\"http:\/\/faehrtenteam-colonia.de\/wp-content\/uploads\/2011\/05\/Abschiedsfaehrte2-300x180.jpg\" alt=\"\" width=\"300\" height=\"180\" srcset=\"http:\/\/faehrtenteam-colonia.de\/wp-content\/uploads\/2011\/05\/Abschiedsfaehrte2-300x180.jpg 300w, http:\/\/faehrtenteam-colonia.de\/wp-content\/uploads\/2011\/05\/Abschiedsfaehrte2-1024x616.jpg 1024w, http:\/\/faehrtenteam-colonia.de\/wp-content\/uploads\/2011\/05\/Abschiedsfaehrte2.jpg 1280w\" sizes=\"(max-width: 300px) 100vw, 300px\" \/><\/a><\/p>\n<p><span style=\"font-size: medium; font-family: Comic Sans MS;\">Ich m\u00f6chte allen meinen Fans und Freunden, die mich seit meiner ersten offiziellen Pr\u00fcfung im Jahr 1999 in den vergangenen 10 Jahren (!) begleitet haben, ein RIESENGROSSES Dankesch\u00f6n sagen! Danke an ALLE, die mich auf diesem Weg meiner Karriere begleitet haben, die mir so oft die Daumen gedr\u00fcckt haben und die mein Team in dieser langen Zeit mit Rat und Tat unterst\u00fctzt haben!\u00a0<\/span><span style=\"font-size: medium; font-family: Comic Sans MS;\">Es war eine ganz tolle Zeit! Und jetzt freue ich mich auf meinen doch wohlverdienten Ruhestand. Nat\u00fcrlich kann ich das Schn\u00fcffeln nicht ganz bleiben lassen und werde hier und da vielleicht noch einige Trainingsf\u00e4hrten absuchen. Und vielleicht kann ich dabei ja auch meinem \u201ekleinen\u00a0Ziehsohn\u201c <strong>Flash<\/strong> noch einige Tipps und Kniffs beibringen, damit seine Karriere auch einmal so erfolgreich wird, wie ich meine nun beende.\u00a0<\/span><span style=\"font-size: medium; font-family: Comic Sans MS;\">Auf der Internetseite von Flash <a href=\"http:\/\/www.daneskjold-flash.gmxhome.de\/index.htm\" target=\"_blank\" rel=\"noopener\">www.daneskjold-flash.gmxhome.de<\/a> k\u00f6nnt ihr in Zukunft nun Flashs Karriere genau so aktiv verfolgen, wie ihr das auch bei mir getan habt. Klickt doch einfach mal rein.<\/span><\/p>\n<h1><em><strong><span style=\"font-size: medium; font-family: Comic Sans MS;\">Eure Holly\u00a0<\/span><\/strong><\/em><\/h1>\n<h2 style=\"text-align: center;\"><strong>Hier noch einmal meine \u201egr\u00f6\u00dften\u201c Erfolge:<\/strong><\/h2>\n<pre><strong><span style=\"font-size: x-large; font-family: Comic Sans MS;\">Vize-Bundessieger IPO FH 2008<\/span><\/strong><\/pre>\n<pre><strong><span style=\"font-size: x-large; font-family: Comic Sans MS;\">Sieger dhv FH DM 2007<\/span><\/strong><\/pre>\n<pre><strong><span style=\"font-size: x-large; font-family: Comic Sans MS;\">3. Platz VDH DM IPO FH 2007<\/span><\/strong><\/pre>\n<pre><strong><span style=\"font-size: x-large; font-family: Comic Sans MS;\">Sieger dhv FH DM 2006<\/span><\/strong><\/pre>\n<pre><strong><span style=\"font-size: x-large; font-family: Comic Sans MS;\">Sieger DMC IPO FH Championat 2005<\/span><\/strong><\/pre>\n<pre><strong><span style=\"font-size: x-large; font-family: Comic Sans MS;\">Sieger dhv FH DM 2005<\/span><\/strong><\/pre>\n<pre><strong><span style=\"font-size: x-large; font-family: Comic Sans MS;\">Bundessieger IPO FH 2004<\/span><\/strong><\/pre>\n<pre><strong><span style=\"font-size: x-large; font-family: Comic Sans MS;\">Sieger DMC IPO FH Championat 2004 <\/span><\/strong><\/pre>\n<div id=\"_mcePaste\" class=\"mcePaste\" style=\"left: -10000px; overflow: hidden; width: 1px; position: absolute; top: 0px; height: 1px;\"><\/div>\n","protected":false},"excerpt":{"rendered":"<p>\u00a0Pr\u00fcfungsergebnisse Wurftag:\u00a0\u00a0\u00a0\u00a0 09.07.1998 Eltern:\u00a0\u00a0\u00a0\u00a0 Idol\u00a0\u00a0\u00a0\u00a0 x\u00a0\u00a0\u00a0\u00a0 Comtesse vom roten Falken\u00a0 \u00a0Holly bei Working-dog Ausbildungskennzeichen:\u00a0\u00a0\u00a0\u00a0 VPG II, FH I, FH II, IPO FH Nach \u00fcber 15 Jahren &#8211; einer ganz langen Zeit der Freude, des Gl\u00fccks und sportlichen Erfolges \u2013 ist &hellip; <a href=\"http:\/\/faehrtenteam-colonia.de\/?page_id=193\">Weiterlesen <span class=\"meta-nav\">&rarr;<\/span><\/a><\/p>\n","protected":false},"author":1,"featured_media":0,"parent":241,"menu_order":11,"comment_status":"open","ping_status":"closed","template":"","meta":{"footnotes":""},"_links":{"self":[{"href":"http:\/\/faehrtenteam-colonia.de\/index.php?rest_route=\/wp\/v2\/pages\/193"}],"collection":[{"href":"http:\/\/faehrtenteam-colonia.de\/index.php?rest_route=\/wp\/v2\/pages"}],"about":[{"href":"http:\/\/faehrtenteam-colonia.de\/index.php?rest_route=\/wp\/v2\/types\/page"}],"author":[{"embeddable":true,"href":"http:\/\/faehrtenteam-colonia.de\/index.php?rest_route=\/wp\/v2\/users\/1"}],"replies":[{"embeddable":true,"href":"http:\/\/faehrtenteam-colonia.de\/index.php?rest_route=%2Fwp%2Fv2%2Fcomments&post=193"}],"version-history":[{"count":36,"href":"http:\/\/faehrtenteam-colonia.de\/index.php?rest_route=\/wp\/v2\/pages\/193\/revisions"}],"predecessor-version":[{"id":3340,"href":"http:\/\/faehrtenteam-colonia.de\/index.php?rest_route=\/wp\/v2\/pages\/193\/revisions\/3340"}],"up":[{"embeddable":true,"href":"http:\/\/faehrtenteam-colonia.de\/index.php?rest_route=\/wp\/v2\/pages\/241"}],"wp:attachment":[{"href":"http:\/\/faehrtenteam-colonia.de\/index.php?rest_route=%2Fwp%2Fv2%2Fmedia&parent=193"}],"curies":[{"name":"wp","href":"https:\/\/api.w.org\/{rel}","templated":true}]}}