{"id":1893,"date":"2015-04-08T08:01:10","date_gmt":"2015-04-08T06:01:10","guid":{"rendered":"http:\/\/faehrtenteam-colonia.de\/?page_id=1893"},"modified":"2017-08-28T09:58:19","modified_gmt":"2017-08-28T07:58:19","slug":"pruefungen","status":"publish","type":"page","link":"http:\/\/faehrtenteam-colonia.de\/?page_id=1893","title":{"rendered":"Sunny"},"content":{"rendered":"<h1 style=\"text-align: center;\"><span style=\"color: #000000;\">Pr\u00fcfungsergebnisse<\/span><\/h1>\n<h1 style=\"text-align: center;\"><span style=\"color: #000000;\">Sunny von der Schiffslache<\/span><\/h1>\n<p>18. April 2015 Begleithundpr\u00fcfung in der Dobermannabteilung K\u00f6ln&nbsp;<a title=\"Dobermannabteilung K\u00f6ln\" href=\"http:\/\/faehrtenteam-colonia.de\/?p=1906\">Bericht&nbsp;und Bilder<\/a><\/p>\n<p>05. November 2016 erste FH II beim PGHV Ostholstein in Eutin <a href=\"http:\/\/faehrtenteam-colonia.de\/?p=2403\">Bericht<\/a><\/p>\n<p>12. und 13. November 2016 R\u00f6merpokal in Z\u00fclpich <a href=\"http:\/\/faehrtenteam-colonia.de\/?p=2409\">Bericht und Bilder<\/a><\/p>\n<p>11. und 12. M\u00e4rz 2017 Fr\u00fchjahrspr\u00fcfung in Z\u00fclpich <a href=\"http:\/\/faehrtenteam-colonia.de\/?p=2528\">Bericht und Bilder<\/a><\/p>\n<p>11. Juni 2017 Pr\u00fcfung in der SV OG Schildgen <a href=\"http:\/\/faehrtenteam-colonia.de\/?p=2763\">Bericht und Bilder<\/a><\/p>\n<p>26. und 27. August 2017 IPO FH in D\u00fclken <a href=\"http:\/\/faehrtenteam-colonia.de\/?p=2787\">Bericht und Bilder<\/a><\/p>\n","protected":false},"excerpt":{"rendered":"<p>Pr\u00fcfungsergebnisse Sunny von der Schiffslache 18. April 2015 Begleithundpr\u00fcfung in der Dobermannabteilung K\u00f6ln&nbsp;Bericht&nbsp;und Bilder 05. November 2016 erste FH II beim PGHV Ostholstein in Eutin Bericht 12. und 13. November 2016 R\u00f6merpokal in Z\u00fclpich Bericht und Bilder 11. und 12. &hellip; <a href=\"http:\/\/faehrtenteam-colonia.de\/?page_id=1893\">Weiterlesen <span class=\"meta-nav\">&rarr;<\/span><\/a><\/p>\n","protected":false},"author":1,"featured_media":0,"parent":1888,"menu_order":10,"comment_status":"open","ping_status":"open","template":"","meta":{"footnotes":""},"_links":{"self":[{"href":"http:\/\/faehrtenteam-colonia.de\/index.php?rest_route=\/wp\/v2\/pages\/1893"}],"collection":[{"href":"http:\/\/faehrtenteam-colonia.de\/index.php?rest_route=\/wp\/v2\/pages"}],"about":[{"href":"http:\/\/faehrtenteam-colonia.de\/index.php?rest_route=\/wp\/v2\/types\/page"}],"author":[{"embeddable":true,"href":"http:\/\/faehrtenteam-colonia.de\/index.php?rest_route=\/wp\/v2\/users\/1"}],"replies":[{"embeddable":true,"href":"http:\/\/faehrtenteam-colonia.de\/index.php?rest_route=%2Fwp%2Fv2%2Fcomments&post=1893"}],"version-history":[{"count":16,"href":"http:\/\/faehrtenteam-colonia.de\/index.php?rest_route=\/wp\/v2\/pages\/1893\/revisions"}],"predecessor-version":[{"id":2812,"href":"http:\/\/faehrtenteam-colonia.de\/index.php?rest_route=\/wp\/v2\/pages\/1893\/revisions\/2812"}],"up":[{"embeddable":true,"href":"http:\/\/faehrtenteam-colonia.de\/index.php?rest_route=\/wp\/v2\/pages\/1888"}],"wp:attachment":[{"href":"http:\/\/faehrtenteam-colonia.de\/index.php?rest_route=%2Fwp%2Fv2%2Fmedia&parent=1893"}],"curies":[{"name":"wp","href":"https:\/\/api.w.org\/{rel}","templated":true}]}}