{"id":16,"date":"2011-05-11T10:54:15","date_gmt":"2011-05-11T10:54:15","guid":{"rendered":"http:\/\/faehrtenteam-colonia.de\/?page_id=16"},"modified":"2011-05-27T19:06:36","modified_gmt":"2011-05-27T17:06:36","slug":"impressum","status":"publish","type":"page","link":"http:\/\/faehrtenteam-colonia.de\/?page_id=16","title":{"rendered":"Impressum"},"content":{"rendered":"<p>Verantwortlich f\u00fcr den Inhalt dieser Seite:<\/p>\n<address>Horst Hinz<\/address>\n<address>Hadwigastr. 35<\/address>\n<address>51069 K\u00f6ln<\/address>\n<address>Tel.: 0221 \/ 607865 <\/address>\n<address><a href=\"mailto:horsthinz@netcologne.de\">horst.hinz@netcologne.de<\/a><\/address>\n<p>&nbsp;<\/p>\n<p>Wichtige Hinweise!<\/p>\n<p>Mit Urteil vom 12. Mai 1998 hat das Landgericht Hamburg entschieden, dass man durch die Ausbringung eines Links die Inhalte der gelinkten Seite gegebenenfalls mit zu verantworten hat. Dies kann &#8211; so das LG &#8211; nur dadurch verhindert werden, dass man sich ausdr\u00fccklich von diesen Inhalten distanziert. Ich habe auf meinen Seiten Links zu anderen Seiten im Internet gelegt. F\u00fcr all diese Links gilt: Ich betone ausdr\u00fccklich, dass ich keinerlei Einfluss auf die Gestaltung und die Inhalte der gelinkten Seiten habe. Deshalb distanziere ich mich ausdr\u00fccklich von allen Inhalten aller gelinkten Seiten dieser Homepage. Diese Erkl\u00e4rung gilt f\u00fcr alle auf meinen Seiten angebrachten Links und f\u00fcr alle Inhalte der Seiten, zu denen die Links f\u00fchren.<\/p>\n","protected":false},"excerpt":{"rendered":"<p>Verantwortlich f\u00fcr den Inhalt dieser Seite: Horst Hinz Hadwigastr. 35 51069 K\u00f6ln Tel.: 0221 \/ 607865 horst.hinz@netcologne.de &nbsp; Wichtige Hinweise! Mit Urteil vom 12. Mai 1998 hat das Landgericht Hamburg entschieden, dass man durch die Ausbringung eines Links die Inhalte &hellip; <a href=\"http:\/\/faehrtenteam-colonia.de\/?page_id=16\">Weiterlesen <span class=\"meta-nav\">&rarr;<\/span><\/a><\/p>\n","protected":false},"author":1,"featured_media":0,"parent":0,"menu_order":1000,"comment_status":"open","ping_status":"closed","template":"","meta":{"footnotes":""},"_links":{"self":[{"href":"http:\/\/faehrtenteam-colonia.de\/index.php?rest_route=\/wp\/v2\/pages\/16"}],"collection":[{"href":"http:\/\/faehrtenteam-colonia.de\/index.php?rest_route=\/wp\/v2\/pages"}],"about":[{"href":"http:\/\/faehrtenteam-colonia.de\/index.php?rest_route=\/wp\/v2\/types\/page"}],"author":[{"embeddable":true,"href":"http:\/\/faehrtenteam-colonia.de\/index.php?rest_route=\/wp\/v2\/users\/1"}],"replies":[{"embeddable":true,"href":"http:\/\/faehrtenteam-colonia.de\/index.php?rest_route=%2Fwp%2Fv2%2Fcomments&post=16"}],"version-history":[{"count":12,"href":"http:\/\/faehrtenteam-colonia.de\/index.php?rest_route=\/wp\/v2\/pages\/16\/revisions"}],"predecessor-version":[{"id":721,"href":"http:\/\/faehrtenteam-colonia.de\/index.php?rest_route=\/wp\/v2\/pages\/16\/revisions\/721"}],"wp:attachment":[{"href":"http:\/\/faehrtenteam-colonia.de\/index.php?rest_route=%2Fwp%2Fv2%2Fmedia&parent=16"}],"curies":[{"name":"wp","href":"https:\/\/api.w.org\/{rel}","templated":true}]}}